{"id":67,"date":"2014-07-03T09:03:25","date_gmt":"2014-07-03T09:03:25","guid":{"rendered":"http:\/\/mecano-welding.kirextechno.com\/fr\/?page_id=67"},"modified":"2014-07-22T11:17:42","modified_gmt":"2014-07-22T11:17:42","slug":"blog-sourcing-mecano-soudure-en-chine-kt-bulletin","status":"publish","type":"page","link":"http:\/\/mecano-welding.kirextechno.com\/fr\/blog-sourcing-mecano-soudure-en-chine-kt-bulletin\/","title":{"rendered":"Blog sourcing m\u00e9cano-soudure en Chine &#8211; KT Bulletin"},"content":{"rendered":"<div class=\"wpb_row wf-container\" style=\"margin-top: 0px;margin-bottom: 0px\" >\n\t<div class=\"wf-cell wf-span-12 wpb_column column_container \">\n\t\t\t\n\t<div class=\"wpb_text_column wpb_content_element \">\n\t\t<div class=\"wpb_wrapper\">\n\t\t\t\n<blockquote>\n<h2 style=\"text-align: center;\"><span style=\"color: #339966;\"><strong>KIREX TECHNO Bulletin <\/strong><\/span><\/h2>\n<h2 style=\"text-align: center;\"><strong><span style=\"color: #00ccff;\"><span style=\"color: #339966;\"><em>&#8220;Le blog du sourcing pour la m\u00e9cano-soudure en Chine&#8221;<\/em><\/span><br \/>\n<\/span><\/strong><\/h2>\n<\/blockquote>\n<p>&nbsp;<\/p>\n<p><strong>Sourcing m\u00e9cano-soudure en Chine<\/strong> &#8211; Bienvenue sur <strong>KIREX TECHNO Bulletin<\/strong>, le blog d\u00e9di\u00e9 au sourcing de pi\u00e8ces m\u00e9caniques en Chine. La fabrication en Chine est une exp\u00e9rience passionnante, <span id=\"result_box\" lang=\"fr\"><span class=\"hps\">souvent<\/span> <span id=\"result_box\" lang=\"fr\"><span class=\"hps\">stimulante<\/span><\/span>, <span class=\"hps\">toujours <span id=\"result_box\" lang=\"fr\"><span class=\"hps\">enrichissante<\/span><\/span><\/span><span class=\"hps\">.<\/span> <span class=\"hps\">Dans ce blog,<\/span> <span class=\"hps\">nous vous donnons<\/span> <span class=\"hps\">un aper\u00e7u<\/span> <span class=\"hps\">de nos<\/span> <span class=\"hps\">missions<\/span> <span class=\"hps\">au jour le<\/span> <span class=\"hps\">jour<\/span>. <span class=\"hps\">Notre \u00e9quipe est compos\u00e9e<\/span> <span class=\"hps\">d&#8217;experts<\/span> en g\u00e9nie <span class=\"hps\">m\u00e9canique<\/span> <span class=\"hps\">et<\/span> <span class=\"hps\">industriel, et nous sommes<\/span><span class=\"hps\"> heureux de pouvoir partager notre v\u00e9cu et nos centres d&#8217;int\u00e9r\u00eat. Nous nous int\u00e9ressons ici aux<\/span><span class=\"hps\"> diff\u00e9rentes techniques<\/span> <span class=\"hps\">de fabrication que nous utilisons<\/span>, aux proc\u00e9dures de <span class=\"hps\">contr\u00f4le de la qualit\u00e9 que nous mettons en place<\/span>, <span class=\"hps\">et<\/span> <span class=\"hps\">plus g\u00e9n\u00e9ralement<\/span> <span class=\"hps\">\u00e0<\/span> <span class=\"hps\">l&#8217;environnement dans lequel nous \u00e9voluons, soit <\/span>l<span class=\"hps\">&#8216;une des<\/span> <span class=\"hps\">zones industrielles<\/span> <span class=\"hps\">les plus<\/span> <span class=\"hps\">dynamiques<\/span> <span class=\"hps\">\u00e0 travers le monde<\/span>. <\/span>\n\t\t<\/div> \n\t<\/div> \n\t<\/div> \n<\/div><div class=\"wpb_row wf-container\" style=\"margin-top: 0px;margin-bottom: 0px\" >\n\t<div class=\"wf-cell wf-span-12 wpb_column column_container \">\n\t\t\t\n<div class=\"gap\" style=\"line-height: 40px; height: 40px;\"><\/div>\n\n\t<\/div> \n<\/div>\n","protected":false},"excerpt":{"rendered":"KIREX TECHNO Bulletin \"Le blog du sourcing pour la m\u00e9cano-soudure en Chine\" &nbsp; Sourcing m\u00e9cano-soudure en Chine - Bienvenue sur KIREX TECHNO Bulletin, le blog d\u00e9di\u00e9 au sourcing de pi\u00e8ces m\u00e9caniques en Chine. La fabrication en Chine est une exp\u00e9rience passionnante, souvent stimulante, toujours enrichissante. Dans ce blog, nous vous donnons un aper\u00e7u de nos&hellip;","protected":false},"author":1,"featured_media":0,"parent":0,"menu_order":0,"comment_status":"open","ping_status":"open","template":"template-blog-list.php","meta":{"nf_dc_page":"","footnotes":""},"class_list":["post-67","page","type-page","status-publish","hentry"],"jetpack_sharing_enabled":true,"_links":{"self":[{"href":"http:\/\/mecano-welding.kirextechno.com\/fr\/wp-json\/wp\/v2\/pages\/67","targetHints":{"allow":["GET"]}}],"collection":[{"href":"http:\/\/mecano-welding.kirextechno.com\/fr\/wp-json\/wp\/v2\/pages"}],"about":[{"href":"http:\/\/mecano-welding.kirextechno.com\/fr\/wp-json\/wp\/v2\/types\/page"}],"author":[{"embeddable":true,"href":"http:\/\/mecano-welding.kirextechno.com\/fr\/wp-json\/wp\/v2\/users\/1"}],"replies":[{"embeddable":true,"href":"http:\/\/mecano-welding.kirextechno.com\/fr\/wp-json\/wp\/v2\/comments?post=67"}],"version-history":[{"count":5,"href":"http:\/\/mecano-welding.kirextechno.com\/fr\/wp-json\/wp\/v2\/pages\/67\/revisions"}],"predecessor-version":[{"id":101,"href":"http:\/\/mecano-welding.kirextechno.com\/fr\/wp-json\/wp\/v2\/pages\/67\/revisions\/101"}],"wp:attachment":[{"href":"http:\/\/mecano-welding.kirextechno.com\/fr\/wp-json\/wp\/v2\/media?parent=67"}],"curies":[{"name":"wp","href":"https:\/\/api.w.org\/{rel}","templated":true}]}}