{"id":8,"date":"2014-06-09T15:25:18","date_gmt":"2014-06-09T15:25:18","guid":{"rendered":"http:\/\/mecano-welding.kirextechno.com\/fr\/?page_id=8"},"modified":"2017-04-25T06:50:50","modified_gmt":"2017-04-25T06:50:50","slug":"fournisseur-densembles-mecano-soudes-en-chine","status":"publish","type":"page","link":"http:\/\/mecano-welding.kirextechno.com\/fr\/","title":{"rendered":"Fournisseur d&#8217;ensembles m\u00e9cano-soud\u00e9s en Chine"},"content":{"rendered":"<div class=\"wpb_row wf-container\" style=\"margin-top: 0px;margin-bottom: 0px\" >\n\t<div class=\"wf-cell wf-span-12 wpb_column column_container \">\n\t\t\t\n<div class=\"shortcode-instagram slider-wrapper\" style=\"margin-bottom: 10px;margin-top: 10px\">\n\t\t\t\t\t\t\t\n\t\t\t\t\t\t\t<div class=\"frame fullwidth-slider\">\n\t\t\t\t\t\t\t\t<ul class=\"clearfix\">\n\t<li class=\"fs-entry ts-cell\"><div class=\"fs-entry-slide\"><div class=\"fs-entry-img\">\n\t\t<img loading=\"lazy\" decoding=\"async\" src=\"https:\/\/i0.wp.com\/mecano-welding.kirextechno.com\/fr\/wp-content\/uploads\/2014\/07\/Machining-of-frame.jpg?fit=871%2C648\" class=\"preload-me\" width=\"282\" height=\"210\"  alt=\"Machining of frame\" \/><\/div>\n\t<\/div><\/li>\n\t<li class=\"fs-entry ts-cell\"><div class=\"fs-entry-slide\"><div class=\"fs-entry-img\">\n\t\t<img loading=\"lazy\" decoding=\"async\" src=\"https:\/\/i0.wp.com\/mecano-welding.kirextechno.com\/fr\/wp-content\/uploads\/2014\/07\/Inspection-of-welding-gauge.jpg?fit=1024%2C768\" class=\"preload-me\" width=\"280\" height=\"210\"  alt=\"&lt; Digimax U-CA 5, Kenox U-CA 5 \/ Kenox U-CA 50 &gt;\" \/><\/div>\n\t<\/div><\/li>\n\t<li class=\"fs-entry ts-cell\"><div class=\"fs-entry-slide\"><div class=\"fs-entry-img\">\n\t\t<img loading=\"lazy\" decoding=\"async\" src=\"https:\/\/i0.wp.com\/mecano-welding.kirextechno.com\/fr\/wp-content\/uploads\/2014\/07\/Cutted-parts-ready-for-welding.jpg?fit=480%2C640\" class=\"preload-me\" width=\"157\" height=\"210\"  alt=\"Cutted parts ready for welding\" \/><\/div>\n\t<\/div><\/li>\n<\/ul><\/div><div class=\"prev\"><i><\/i><\/div><div class=\"next\"><i><\/i><\/div><\/div>\n\t<\/div> \n<\/div><div class=\"wpb_row wf-container\" style=\"margin-top: 0px;margin-bottom: 0px\" >\n\t<div class=\"wf-cell wf-span-12 wpb_column column_container \">\n\t\t\t\n<div class=\"gap\" style=\"line-height: 20px; height: 20px;\"><\/div>\n\n\t<\/div> \n<\/div><div class=\"wpb_row wf-container\" style=\"margin-top: 0px;margin-bottom: 0px\" >\n\t<div class=\"wf-cell wf-span-8 wpb_column column_container \">\n\t\t\t\n\t<div class=\"wpb_text_column wpb_content_element \">\n\t\t<div class=\"wpb_wrapper\">\n\t\t\t<span id=\"result_box\" lang=\"fr\"><span class=\"hps\"><strong>Fournisseur d&#8217;ensembles m\u00e9cano-soud\u00e9s en Chine<\/strong> &#8211; <\/span><strong><span class=\"hps\">KIREX<\/span> <span class=\"hps\">TECHNO<\/span> <span class=\"hps\">Mecano<\/span><span class=\"atn\">&#8211;<\/span>welding<\/strong> <span class=\"hps\">est<\/span> <span class=\"hps\">sp\u00e9cialis\u00e9 dans la soudure, la<\/span> <span class=\"hps\">d\u00e9coupe, le pliage<\/span>, le poin\u00e7onnage <span class=\"hps\">et l&#8217;usinage<\/span> <span class=\"hps\">pour la fabrication de<\/span> <span class=\"hps\">structures<\/span> <span class=\"hps atn\">m\u00e9cano-<\/span>soud\u00e9es. <span class=\"hps\">Nos produits sont destin\u00e9s<\/span> <span class=\"hps\">\u00e0 diff\u00e9rents<\/span> <span class=\"hps\">secteurs de l&#8217;industrie <\/span>:<br \/>\n<\/span><\/p>\n<ul>\n<li><span id=\"result_box\" lang=\"fr\"><span class=\"hps\">Engins<\/span> <span class=\"hps\">de construction<\/span> <\/span><\/li>\n<li><span id=\"result_box\" lang=\"fr\"><span class=\"hps\">Machinisme agricole<\/span><\/span><\/li>\n<li><span id=\"result_box\" lang=\"fr\"><span class=\"hps\">Syst\u00e8mes de levage<\/span> <span class=\"hps\">pour <\/span>bennes <span class=\"hps\">et<\/span> <span class=\"hps\">caissons<\/span><\/span><\/li>\n<li><span id=\"result_box\" lang=\"fr\">C<span class=\"hps\">hargeurs frontaux<\/span> <\/span><\/li>\n<li><span id=\"result_box\" lang=\"fr\"><span class=\"hps\">Mobilier urbain<\/span><\/span><\/li>\n<\/ul>\n\n\t\t<\/div> \n\t<\/div>\n<div class=\"gap\" style=\"line-height: 30px; height: 30px;\"><\/div>\n\n\t<div class=\"wpb_text_column wpb_content_element \">\n\t\t<div class=\"wpb_wrapper\">\n\t\t\t\n<blockquote><p><em><strong>&#8220;KIREX TECHNO Mecano-soudure\u00a0en un coup d&#8217;oeil &#8230;&#8221;<\/strong><\/em><\/p><\/blockquote>\n<p><strong>Repr\u00e9sentants l\u00e9gal<\/strong>: \u00a0M. Farid KHIAR<br \/>\n<strong>Caract\u00e9ristiques de l&#8217;usine partenaire<\/strong>\u00a0:<\/p>\n<ul>\n<li>Superficie totale : 10000m2<\/li>\n<li>Superficie des b\u00e2timents : 15500 m2<\/li>\n<\/ul>\n<p><strong>Employ\u00e9s de l&#8217;usine partenaire<\/strong>\u00a0: 105<br \/>\n<strong>Champs d&#8217;activit\u00e9<\/strong>\u00a0: D\u00e9coupe laser, Oxycoupage, D\u00e9coupe plasma , PLiage \u00e0\u00a0controle num\u00e9rique , Presse hydraulique ,Poste de soudage semi-automatique,\u00a0\u00a0Tournage-Fraisage- Alesage CN grandes dimmensions ( 6m*6m)- usinage de pi\u00e8ces m\u00e9caniques diverses.<br \/>\n<strong>Part \u00e0 l&#8217;exportation<\/strong>\u00a0: 70%<br \/>\n<strong>Certification<\/strong>\u00a0: ISO\/TS16949 par NQA Juin\u00a02005\n\t\t<\/div> \n\t<\/div> \n\t<\/div> \n\n\t<div class=\"wf-cell wf-span-4 wpb_column column_container \">\n\t\t\t\n\t<div class=\"wpb_gallery wpb_posts_slider wpb_content_element dt-style\">\n\t\t<div class=\"wpb_wrapper\"><div class=\"wpb_gallery_slides wpb_flexslider flexslider_fade flexslider\" data-interval=\"5\" data-flex_fx=\"fade\">Nothing found.<\/div>\n\t\t<\/div> \n\t<\/div> \n\t<\/div> \n<\/div>\n","protected":false},"excerpt":{"rendered":"Fournisseur d'ensembles m\u00e9cano-soud\u00e9s en Chine - KIREX TECHNO Mecano-welding est sp\u00e9cialis\u00e9 dans la soudure, la d\u00e9coupe, le pliage, le poin\u00e7onnage et l'usinage pour la fabrication de structures m\u00e9cano-soud\u00e9es. Nos produits sont destin\u00e9s \u00e0 diff\u00e9rents secteurs de l'industrie : Engins de construction Machinisme agricole Syst\u00e8mes de levage pour bennes et caissons Chargeurs frontaux Mobilier urbain \"KIREX&hellip;","protected":false},"author":1,"featured_media":0,"parent":0,"menu_order":0,"comment_status":"open","ping_status":"open","template":"template-blog-list.php","meta":{"nf_dc_page":"","footnotes":""},"class_list":["post-8","page","type-page","status-publish","hentry"],"jetpack_sharing_enabled":true,"_links":{"self":[{"href":"http:\/\/mecano-welding.kirextechno.com\/fr\/wp-json\/wp\/v2\/pages\/8","targetHints":{"allow":["GET"]}}],"collection":[{"href":"http:\/\/mecano-welding.kirextechno.com\/fr\/wp-json\/wp\/v2\/pages"}],"about":[{"href":"http:\/\/mecano-welding.kirextechno.com\/fr\/wp-json\/wp\/v2\/types\/page"}],"author":[{"embeddable":true,"href":"http:\/\/mecano-welding.kirextechno.com\/fr\/wp-json\/wp\/v2\/users\/1"}],"replies":[{"embeddable":true,"href":"http:\/\/mecano-welding.kirextechno.com\/fr\/wp-json\/wp\/v2\/comments?post=8"}],"version-history":[{"count":8,"href":"http:\/\/mecano-welding.kirextechno.com\/fr\/wp-json\/wp\/v2\/pages\/8\/revisions"}],"predecessor-version":[{"id":110,"href":"http:\/\/mecano-welding.kirextechno.com\/fr\/wp-json\/wp\/v2\/pages\/8\/revisions\/110"}],"wp:attachment":[{"href":"http:\/\/mecano-welding.kirextechno.com\/fr\/wp-json\/wp\/v2\/media?parent=8"}],"curies":[{"name":"wp","href":"https:\/\/api.w.org\/{rel}","templated":true}]}}