{"id":86,"date":"2014-07-09T17:21:59","date_gmt":"2014-07-09T17:21:59","guid":{"rendered":"http:\/\/mecano-welding.kirextechno.com\/fr\/?page_id=86"},"modified":"2014-07-10T04:41:10","modified_gmt":"2014-07-10T04:41:10","slug":"qualite-ensemble-mecano-soude-en-chine","status":"publish","type":"page","link":"http:\/\/mecano-welding.kirextechno.com\/fr\/qualite-ensemble-mecano-soude-en-chine\/","title":{"rendered":"Qualit\u00e9 ensemble m\u00e9cano-soud\u00e9 en Chine"},"content":{"rendered":"<div class=\"wpb_row wf-container\" style=\"margin-top: 0px;margin-bottom: 0px\" >\n\t<div class=\"wf-cell wf-span-12 wpb_column column_container \">\n\t\t\t\n\t<div class=\"wpb_single_image wpb_content_element vc_align_center\">\n\t\t<div class=\"wpb_wrapper\">\n\t\t\t\n\t\t\t<img loading=\"lazy\" decoding=\"async\" width=\"747\" height=\"160\" src=\"https:\/\/i0.wp.com\/mecano-welding.kirextechno.com\/fr\/wp-content\/uploads\/2014\/07\/CQ-banner.jpg?fit=747%2C160\" class=\" vc_box_border_grey attachment-full\" alt=\"\" srcset=\"https:\/\/i0.wp.com\/mecano-welding.kirextechno.com\/fr\/wp-content\/uploads\/2014\/07\/CQ-banner.jpg?w=747 747w, https:\/\/i0.wp.com\/mecano-welding.kirextechno.com\/fr\/wp-content\/uploads\/2014\/07\/CQ-banner.jpg?resize=300%2C64 300w\" sizes=\"auto, (max-width: 747px) 100vw, 747px\" \/>\n\t\t<\/div> \n\t<\/div> \n\t<\/div> \n<\/div><div class=\"wpb_row wf-container\" style=\"margin-top: 0px;margin-bottom: 0px\" >\n\t<div class=\"wf-cell wf-span-12 wpb_column column_container \">\n\t\t\t\n<div class=\"gap\" style=\"line-height: 20px; height: 20px;\"><\/div>\n\n\t<\/div> \n<\/div><div class=\"wpb_row wf-container\" style=\"margin-top: 0px;margin-bottom: 0px\" >\n\t<div class=\"wf-cell wf-span-12 wpb_column column_container \">\n\t\t\t\n\t<div class=\"wpb_text_column wpb_content_element \">\n\t\t<div class=\"wpb_wrapper\">\n\t\t\t\n<blockquote><p><strong>&#8220;<\/strong><span id=\"result_box\" lang=\"fr\"><strong><em>Nos points forts<\/em>&#8220;<\/strong><\/span><\/p><\/blockquote>\n<p><span id=\"result_box\" lang=\"fr\"><span class=\"hps\">1<\/span>. <span class=\"hps\">Notre<\/span> <span class=\"hps\">gestion<\/span> de la production <span class=\"hps\">est enti\u00e8rement d\u00e9volue \u00e0<\/span> l&#8217;<span class=\"hps\">obtention de pi\u00e8ces<\/span> <span class=\"hps\">qui r\u00e9pondent \u00e0<\/span> <span class=\"hps\">100<\/span>% \u00e0<span class=\"hps\"> vos<\/span> <span class=\"hps\">exigences de qualit\u00e9<\/span>. <span class=\"hps\">Pour tout<\/span> <span class=\"hps\">nouvel \u00e9chantillon<\/span> <span class=\"hps\">ou<\/span> <span class=\"hps\">toute nouvelle s\u00e9rie<\/span>, <span class=\"hps\">notre chef de projet<\/span> <span class=\"hps\">travaille main dans la<\/span> <span class=\"hps\">main<\/span> <span class=\"hps\">avec le responsable production<\/span>, <span class=\"hps\">le d\u00e9partement<\/span><span class=\"hps\"> outillage<\/span> <span class=\"hps atn\">et le responsable<\/span><span class=\"hps\"> qualit\u00e9<\/span> <span class=\"hps\">afin de s&#8217;assurer que<\/span> <span class=\"hps\">les sp\u00e9cifications des<\/span> <span class=\"hps\">produits<\/span> <span class=\"hps\">sont garantis<\/span>. <span class=\"hps\">Tout notre personnel<\/span> <span class=\"hps\">est form\u00e9 pour<\/span> <span class=\"hps\">am\u00e9liorer constamment<\/span> <span class=\"hps\">nos processus<\/span> afin d&#8217;<span class=\"hps\">atteindre et de maintenir durablement les<\/span> <span class=\"hps\">plus hauts standards de<\/span> <span class=\"hps\">qualit\u00e9<\/span>.<\/span><\/p>\n<p><span class=\"hps\">2<\/span>. <span class=\"hps\">Nos soudeurs<\/span> <span class=\"hps\">sont form\u00e9s \u00e0 travailler<\/span> <span class=\"hps\">suivant les <\/span><span class=\"hps\">normes<\/span> <span class=\"hps\">internationales<\/span> <span class=\"hps\">de soudage en vigueur<\/span>. <span class=\"hps\">Tous nos<\/span> <span class=\"hps\">soudeurs<\/span> <span class=\"hps\">sont certifi\u00e9s<\/span> <span class=\"hps\">EN287<\/span>.<\/p>\n<p><span class=\"hps\">3.<\/span> <span class=\"hps\">Notre usine<\/span> <span class=\"hps\">est \u00e9quip\u00e9e d&#8217;une<\/span> <span class=\"hps\">vaste gamme d<\/span><span class=\"hps\">&#8216;outils de contr\u00f4le<\/span> <span class=\"hps\">et d&#8217;analyse, allant du kit de contr\u00f4le dimensionnel classique aux<\/span> <span class=\"hps\">\u00e9quipements<\/span> <span class=\"hps\">de pointe <\/span>:<\/p>\n<ul>\n<li><span id=\"result_box\" lang=\"fr\"><span class=\"hps\">Machine \u00e0 mesurer tridimensionnelle<\/span> <span class=\"hps\">CMM<\/span> <\/span><\/li>\n<li><span id=\"result_box\" lang=\"fr\">Banc de traction<\/span><\/li>\n<li><span id=\"result_box\" lang=\"fr\">Appareil de contr\u00f4le par <span class=\"hps\">ultrasons<\/span> <span class=\"hps\">UT<\/span> <\/span><\/li>\n<li><span id=\"result_box\" lang=\"fr\"><span class=\"hps\">Kit standard d&#8217;outils<\/span> <span class=\"hps\">de contr\u00f4le dimensionnel<\/span>, y compris <span class=\"hps\">microm\u00e8tres 3 touches<\/span><\/span><\/li>\n<\/ul>\n\n\t\t<\/div> \n\t<\/div> \n\t<\/div> \n<\/div>\n","protected":false},"excerpt":{"rendered":"\"Nos points forts\" 1. Notre gestion de la production est enti\u00e8rement d\u00e9volue \u00e0 l'obtention de pi\u00e8ces qui r\u00e9pondent \u00e0 100% \u00e0 vos exigences de qualit\u00e9. Pour tout nouvel \u00e9chantillon ou toute nouvelle s\u00e9rie, notre chef de projet travaille main dans la main avec le responsable production, le d\u00e9partement outillage et le responsable qualit\u00e9 afin de&hellip;","protected":false},"author":1,"featured_media":0,"parent":0,"menu_order":0,"comment_status":"open","ping_status":"open","template":"template-media-jgrid.php","meta":{"nf_dc_page":"","footnotes":""},"class_list":["post-86","page","type-page","status-publish","hentry"],"jetpack_sharing_enabled":true,"_links":{"self":[{"href":"http:\/\/mecano-welding.kirextechno.com\/fr\/wp-json\/wp\/v2\/pages\/86","targetHints":{"allow":["GET"]}}],"collection":[{"href":"http:\/\/mecano-welding.kirextechno.com\/fr\/wp-json\/wp\/v2\/pages"}],"about":[{"href":"http:\/\/mecano-welding.kirextechno.com\/fr\/wp-json\/wp\/v2\/types\/page"}],"author":[{"embeddable":true,"href":"http:\/\/mecano-welding.kirextechno.com\/fr\/wp-json\/wp\/v2\/users\/1"}],"replies":[{"embeddable":true,"href":"http:\/\/mecano-welding.kirextechno.com\/fr\/wp-json\/wp\/v2\/comments?post=86"}],"version-history":[{"count":6,"href":"http:\/\/mecano-welding.kirextechno.com\/fr\/wp-json\/wp\/v2\/pages\/86\/revisions"}],"predecessor-version":[{"id":95,"href":"http:\/\/mecano-welding.kirextechno.com\/fr\/wp-json\/wp\/v2\/pages\/86\/revisions\/95"}],"wp:attachment":[{"href":"http:\/\/mecano-welding.kirextechno.com\/fr\/wp-json\/wp\/v2\/media?parent=86"}],"curies":[{"name":"wp","href":"https:\/\/api.w.org\/{rel}","templated":true}]}}